{"id":243,"date":"2021-08-09T09:39:14","date_gmt":"2021-08-09T07:39:14","guid":{"rendered":"https:\/\/dansksprogservice.dk\/foredrag\/"},"modified":"2022-09-06T12:45:42","modified_gmt":"2022-09-06T10:45:42","slug":"lecture","status":"publish","type":"page","link":"https:\/\/dansksprogservice.dk\/en\/lecture\/","title":{"rendered":"Lectures"},"content":{"rendered":"","protected":false},"excerpt":{"rendered":"","protected":false},"author":1,"featured_media":0,"parent":0,"menu_order":0,"comment_status":"closed","ping_status":"closed","template":"","meta":[],"yoast_head":"<!-- This site is optimized with the Yoast SEO plugin v16.3 - https:\/\/yoast.com\/wordpress\/plugins\/seo\/ -->\n<meta name=\"description\" content=\"Jeg har i mange \u00e5r holdt rejseforedrag i klubber, \u00e6ldreforeninger, p\u00e5 plejehjem og biblioteker, og der hersker altid en god og munter stemning; \u2013 billeder, fakta og anekdoter g\u00e5r op i en h\u00f8jere enhed.\" \/>\n<meta name=\"robots\" content=\"index, follow, max-snippet:-1, max-image-preview:large, max-video-preview:-1\" \/>\n<link rel=\"canonical\" href=\"https:\/\/dansksprogservice.dk\/en\/lecture\/\" \/>\n<meta property=\"og:locale\" content=\"en_US\" \/>\n<meta property=\"og:type\" content=\"article\" \/>\n<meta property=\"og:title\" content=\"Rejseforedrag - Et foredrag, der g\u00e5r bag om sproget.\" \/>\n<meta property=\"og:description\" content=\"Jeg har i mange \u00e5r holdt rejseforedrag i klubber, \u00e6ldreforeninger, p\u00e5 plejehjem og biblioteker, og der hersker altid en god og munter stemning; \u2013 billeder, fakta og anekdoter g\u00e5r op i en h\u00f8jere enhed.\" \/>\n<meta property=\"og:url\" content=\"https:\/\/dansksprogservice.dk\/en\/lecture\/\" \/>\n<meta property=\"og:site_name\" content=\"Dansk Sprogservice Michael Falkendorf\" \/>\n<meta property=\"article:modified_time\" content=\"2022-09-06T10:45:42+00:00\" \/>\n<meta name=\"twitter:card\" content=\"summary_large_image\" \/>\n<!-- \/ Yoast SEO plugin. -->","_links":{"self":[{"href":"https:\/\/dansksprogservice.dk\/en\/wp-json\/wp\/v2\/pages\/243"}],"collection":[{"href":"https:\/\/dansksprogservice.dk\/en\/wp-json\/wp\/v2\/pages"}],"about":[{"href":"https:\/\/dansksprogservice.dk\/en\/wp-json\/wp\/v2\/types\/page"}],"author":[{"embeddable":true,"href":"https:\/\/dansksprogservice.dk\/en\/wp-json\/wp\/v2\/users\/1"}],"replies":[{"embeddable":true,"href":"https:\/\/dansksprogservice.dk\/en\/wp-json\/wp\/v2\/comments?post=243"}],"version-history":[{"count":12,"href":"https:\/\/dansksprogservice.dk\/en\/wp-json\/wp\/v2\/pages\/243\/revisions"}],"predecessor-version":[{"id":419,"href":"https:\/\/dansksprogservice.dk\/en\/wp-json\/wp\/v2\/pages\/243\/revisions\/419"}],"wp:attachment":[{"href":"https:\/\/dansksprogservice.dk\/en\/wp-json\/wp\/v2\/media?parent=243"}],"curies":[{"name":"wp","href":"https:\/\/api.w.org\/{rel}","templated":true}]}}