{"id":247,"date":"2021-08-09T09:38:11","date_gmt":"2021-08-09T07:38:11","guid":{"rendered":"https:\/\/dansksprogservice.dk\/dansk-for-udlaendinge\/"},"modified":"2023-08-25T14:18:03","modified_gmt":"2023-08-25T12:18:03","slug":"danish-for-foreigners","status":"publish","type":"page","link":"https:\/\/dansksprogservice.dk\/en\/danish-for-foreigners\/","title":{"rendered":"Danish for foreigners"},"content":{"rendered":"","protected":false},"excerpt":{"rendered":"","protected":false},"author":1,"featured_media":0,"parent":0,"menu_order":0,"comment_status":"closed","ping_status":"closed","template":"","meta":[],"yoast_head":"<!-- This site is optimized with the Yoast SEO plugin v16.3 - https:\/\/yoast.com\/wordpress\/plugins\/seo\/ -->\n<meta name=\"description\" content=\"Dansk for udl\u00e6ndinge . Undervisningen kan foreg\u00e5 p\u00e5 alle niveauer og bliver tilrettelagt efter kursistens \u00f8nsker og behov.\" \/>\n<meta name=\"robots\" content=\"index, follow, max-snippet:-1, max-image-preview:large, max-video-preview:-1\" \/>\n<link rel=\"canonical\" href=\"https:\/\/dansksprogservice.dk\/en\/danish-for-foreigners\/\" \/>\n<meta property=\"og:locale\" content=\"en_US\" \/>\n<meta property=\"og:type\" content=\"article\" \/>\n<meta property=\"og:title\" content=\"Undervisnig privatpersoner og grupper \u2013 arbejde eller hjemme\" \/>\n<meta property=\"og:description\" content=\"Dansk for udl\u00e6ndinge . Undervisningen kan foreg\u00e5 p\u00e5 alle niveauer og bliver tilrettelagt efter kursistens \u00f8nsker og behov.\" \/>\n<meta property=\"og:url\" content=\"https:\/\/dansksprogservice.dk\/en\/danish-for-foreigners\/\" \/>\n<meta property=\"og:site_name\" content=\"Dansk Sprogservice Michael Falkendorf\" \/>\n<meta property=\"article:modified_time\" content=\"2023-08-25T12:18:03+00:00\" \/>\n<meta name=\"twitter:card\" content=\"summary_large_image\" \/>\n<!-- \/ Yoast SEO plugin. -->","_links":{"self":[{"href":"https:\/\/dansksprogservice.dk\/en\/wp-json\/wp\/v2\/pages\/247"}],"collection":[{"href":"https:\/\/dansksprogservice.dk\/en\/wp-json\/wp\/v2\/pages"}],"about":[{"href":"https:\/\/dansksprogservice.dk\/en\/wp-json\/wp\/v2\/types\/page"}],"author":[{"embeddable":true,"href":"https:\/\/dansksprogservice.dk\/en\/wp-json\/wp\/v2\/users\/1"}],"replies":[{"embeddable":true,"href":"https:\/\/dansksprogservice.dk\/en\/wp-json\/wp\/v2\/comments?post=247"}],"version-history":[{"count":10,"href":"https:\/\/dansksprogservice.dk\/en\/wp-json\/wp\/v2\/pages\/247\/revisions"}],"predecessor-version":[{"id":426,"href":"https:\/\/dansksprogservice.dk\/en\/wp-json\/wp\/v2\/pages\/247\/revisions\/426"}],"wp:attachment":[{"href":"https:\/\/dansksprogservice.dk\/en\/wp-json\/wp\/v2\/media?parent=247"}],"curies":[{"name":"wp","href":"https:\/\/api.w.org\/{rel}","templated":true}]}}