{"id":252,"date":"2021-08-09T09:38:24","date_gmt":"2021-08-09T07:38:24","guid":{"rendered":"https:\/\/dansksprogservice.dk\/dansk-for-firmaer\/"},"modified":"2021-08-11T16:04:46","modified_gmt":"2021-08-11T14:04:46","slug":"danish-for-companies","status":"publish","type":"page","link":"https:\/\/dansksprogservice.dk\/en\/danish-for-companies\/","title":{"rendered":"Danish for companies"},"content":{"rendered":"","protected":false},"excerpt":{"rendered":"","protected":false},"author":1,"featured_media":0,"parent":0,"menu_order":0,"comment_status":"closed","ping_status":"closed","template":"","meta":[],"yoast_head":"<!-- This site is optimized with the Yoast SEO plugin v16.3 - https:\/\/yoast.com\/wordpress\/plugins\/seo\/ -->\n<meta name=\"description\" content=\"Praktisk grammatik. Form\u00e5let med dette kursus er at indf\u00f8re deltagerne i dansk grammatik; dvs. formen bag indholdet. Grammatikken er det ofte oversete v\u00e6rkt\u00f8j til forst\u00e5elsen af en tekst og til produktion af egne tekster.\" \/>\n<meta name=\"robots\" content=\"index, follow, max-snippet:-1, max-image-preview:large, max-video-preview:-1\" \/>\n<link rel=\"canonical\" href=\"https:\/\/dansksprogservice.dk\/en\/danish-for-companies\/\" \/>\n<meta property=\"og:locale\" content=\"en_US\" \/>\n<meta property=\"og:type\" content=\"article\" \/>\n<meta property=\"og:title\" content=\"Praktisk grammatik - Danskundervisning for udl\u00e6ndinge og danskere\" \/>\n<meta property=\"og:description\" content=\"Praktisk grammatik. Form\u00e5let med dette kursus er at indf\u00f8re deltagerne i dansk grammatik; dvs. formen bag indholdet. Grammatikken er det ofte oversete v\u00e6rkt\u00f8j til forst\u00e5elsen af en tekst og til produktion af egne tekster.\" \/>\n<meta property=\"og:url\" content=\"https:\/\/dansksprogservice.dk\/en\/danish-for-companies\/\" \/>\n<meta property=\"og:site_name\" content=\"Dansk Sprogservice Michael Falkendorf\" \/>\n<meta property=\"article:modified_time\" content=\"2021-08-11T14:04:46+00:00\" \/>\n<meta name=\"twitter:card\" content=\"summary_large_image\" \/>\n<!-- \/ Yoast SEO plugin. -->","_links":{"self":[{"href":"https:\/\/dansksprogservice.dk\/en\/wp-json\/wp\/v2\/pages\/252"}],"collection":[{"href":"https:\/\/dansksprogservice.dk\/en\/wp-json\/wp\/v2\/pages"}],"about":[{"href":"https:\/\/dansksprogservice.dk\/en\/wp-json\/wp\/v2\/types\/page"}],"author":[{"embeddable":true,"href":"https:\/\/dansksprogservice.dk\/en\/wp-json\/wp\/v2\/users\/1"}],"replies":[{"embeddable":true,"href":"https:\/\/dansksprogservice.dk\/en\/wp-json\/wp\/v2\/comments?post=252"}],"version-history":[{"count":5,"href":"https:\/\/dansksprogservice.dk\/en\/wp-json\/wp\/v2\/pages\/252\/revisions"}],"predecessor-version":[{"id":335,"href":"https:\/\/dansksprogservice.dk\/en\/wp-json\/wp\/v2\/pages\/252\/revisions\/335"}],"wp:attachment":[{"href":"https:\/\/dansksprogservice.dk\/en\/wp-json\/wp\/v2\/media?parent=252"}],"curies":[{"name":"wp","href":"https:\/\/api.w.org\/{rel}","templated":true}]}}